{"id":921,"date":"2016-04-15T11:42:59","date_gmt":"2016-04-15T11:42:59","guid":{"rendered":"http:\/\/www.atrix3.it\/wordpress\/?page_id=921"},"modified":"2016-04-15T11:42:59","modified_gmt":"2016-04-15T11:42:59","slug":"piani-di-trattamento","status":"publish","type":"page","link":"http:\/\/www.atrix3.it\/index.php\/piani-di-trattamento\/","title":{"rendered":"Piani di trattamento"},"content":{"rendered":"<p>[et_pb_section admin_label=&#8221;Section&#8221; fullwidth=&#8221;on&#8221; specialty=&#8221;off&#8221;][et_pb_fullwidth_post_title admin_label=&#8221;titolo post&#8221; title=&#8221;on&#8221; meta=&#8221;off&#8221; author=&#8221;on&#8221; date=&#8221;on&#8221; categories=&#8221;on&#8221; comments=&#8221;on&#8221; featured_image=&#8221;off&#8221; featured_placement=&#8221;below&#8221; parallax_effect=&#8221;on&#8221; parallax_method=&#8221;on&#8221; text_orientation=&#8221;center&#8221; text_color=&#8221;light&#8221; text_background=&#8221;on&#8221; text_bg_color=&#8221;#fc0a0a&#8221; module_bg_color=&#8221;#fc0a0a&#8221; title_font=&#8221;|on|||&#8221; title_all_caps=&#8221;off&#8221; meta_font_size=&#8221;14&#8243; use_border_color=&#8221;off&#8221; border_color=&#8221;#ffffff&#8221; border_style=&#8221;solid&#8221; custom_margin=&#8221;0px||0px|&#8221; custom_padding=&#8221;0px||0px|&#8221; saved_tabs=&#8221;all&#8221;] [\/et_pb_fullwidth_post_title][\/et_pb_section][et_pb_section admin_label=&#8221;section&#8221;][et_pb_row admin_label=&#8221;row&#8221;][et_pb_column type=&#8221;4_4&#8243;][et_pb_text admin_label=&#8221;Text&#8221; background_layout=&#8221;light&#8221; text_orientation=&#8221;left&#8221; text_font_size=&#8221;14&#8243; use_border_color=&#8221;off&#8221; border_color=&#8221;#ffffff&#8221; border_style=&#8221;solid&#8221;]<\/p>\n<p>Il piano di trattamento \u00e8 uno strumento teso alla definizione dello stato clinico della bocca del paziente e della definizione dei trattamenti di cura.<\/p>\n<p><a href=\"http:\/\/www.atrix3.it\/wordpress\/wp-content\/uploads\/2016\/04\/8.png\" rel=\"attachment wp-att-889\"><img decoding=\"async\" loading=\"lazy\" class=\"wp-image-889 alignright\" src=\"http:\/\/www.atrix3.it\/wordpress\/wp-content\/uploads\/2016\/04\/8-300x161.png\" alt=\"piani di trattamento\" width=\"500\" height=\"269\" srcset=\"http:\/\/www.atrix3.it\/wordpress\/wp-content\/uploads\/2016\/04\/8-300x161.png 300w, http:\/\/www.atrix3.it\/wordpress\/wp-content\/uploads\/2016\/04\/8-768x413.png 768w, http:\/\/www.atrix3.it\/wordpress\/wp-content\/uploads\/2016\/04\/8-1024x551.png 1024w, http:\/\/www.atrix3.it\/wordpress\/wp-content\/uploads\/2016\/04\/8-1080x581.png 1080w, http:\/\/www.atrix3.it\/wordpress\/wp-content\/uploads\/2016\/04\/8.png 1846w\" sizes=\"(max-width: 500px) 100vw, 500px\" \/><\/a>La definizone di un piano di trattamento consiste nella identificazione delle problematiche di ciascun dente e nell\u2019abbinamento ad esso dei trattamenti di cura.<\/p>\n<p>Le fasi di definizione del piano di trattamento sono facilitate dall\u2019utilizzo di uno schema dentale che consente la identificazione di ciascun dente, la cui selezione grafica consente di abbinare le operazioni che su di esso si vogliono eseguire.<\/p>\n<p>Un piano di trattamento una volta determinato viene posto in uno stato \u201cin attesa\u201d sino a che di fatto non inizier\u00e0 il primo trattamento, in seguito al quale il piano stesso verr\u00e0 posto nello stato \u201cin esecuzione\u201d sino al totale completamento che lo identificher\u00e0 come \u201ccompletato\u201d. Sar\u00e0 possibile manualemte definire uno stato di \u201csospeso\u201d oppure di \u201ccancellato\u201d qualora non si intenda piu proseguirne l\u2019esecuzione.<\/p>\n<p>Un piano di trattamento assume una specifica numerazione al momento della creazione con l\u2019abbinamento di un livello di revisione iniziale \u201c0\u201d. Ogni successiva variazione al piano di trattamento generer\u00e0 uno specifico livello di revisione progressivo \u201c1\u201d, \u201c2\u201d, \u2026 in modo che sar\u00e0 sempre possibile risalire ad ogni singolo piano ed a tutta la cronologia.<\/p>\n<p>Un piano di trattamento \u00e8 costituito da una \u201ctestata\u201d che contiene informazioni relative all\u2019intero piano quali la data di creazione, medico di prima visita, annotazioni ecc.<\/p>\n<p><a href=\"http:\/\/www.atrix3.it\/wordpress\/wp-content\/uploads\/2016\/04\/8b.png\" rel=\"attachment wp-att-890\"><img decoding=\"async\" loading=\"lazy\" class=\"wp-image-890 alignleft\" src=\"http:\/\/www.atrix3.it\/wordpress\/wp-content\/uploads\/2016\/04\/8b-300x161.png\" alt=\"piani di trattamento\" width=\"500\" height=\"269\" srcset=\"http:\/\/www.atrix3.it\/wordpress\/wp-content\/uploads\/2016\/04\/8b-300x161.png 300w, http:\/\/www.atrix3.it\/wordpress\/wp-content\/uploads\/2016\/04\/8b-768x413.png 768w, http:\/\/www.atrix3.it\/wordpress\/wp-content\/uploads\/2016\/04\/8b-1024x551.png 1024w, http:\/\/www.atrix3.it\/wordpress\/wp-content\/uploads\/2016\/04\/8b-1080x581.png 1080w, http:\/\/www.atrix3.it\/wordpress\/wp-content\/uploads\/2016\/04\/8b.png 1846w\" sizes=\"(max-width: 500px) 100vw, 500px\" \/><\/a>Abbinata ad ogni testata saranno le singole righe di trattamento che identificano le azioni da eseguire su ciascun dente. Ciascuna riga trattamento potr\u00e0 assumere 3 stati \u201cin attesa\u201d quando il piano \u00e8 stato creato, \u201cin esecuzione\u201d quando sono iniziate le attivit\u00e0 relative al dente, \u201cterminata\u201d quando saranno completati i trattamenti abbinati al dente.<\/p>\n<p>Ciascuna riga di trattamento contiene informazioni di vario genere quali dente abbinato, azioni ( trattamenti) definiti, medico di diagnosi, medico incaricato all\u2019esecuzione,\u00a0 oltrech\u00e8 ad informazioni relative ai tempi di esecusione, alle fasi di lavorazioni abbinate, costi, ecc.<\/p>\n<p>Durante le fasi \u201cesecutive\u201d di un piano di trattamento in poltrona, sar\u00e0 possibile operare sul piano stesso, su ciascuna singola attivit\u00e0 facilitaty dalla funzione TODAY che visualizza le operazioni prenotate per quello specifico giorno. Sar\u00e0 inoltre possibile accedere atutte le immagini abbinate al paziente siano esse fotografie che xray.<\/p>\n<p>Se disponibile sul riunito, il medico potr\u00e0 operare visualizzando su un apposito monitor ogni immagine xray (opt, endorali, ecc.) mentre l\u2019assistente alla poltrona potr\u00e0 operare attraverso lo schema dentale.<\/p>\n<div class='et-learn-more clearfix'>\n\t\t\t\t\t<h3 class='heading-more'>PRESCRIZIONI<span class='et_learnmore_arrow'><span><\/span><\/span><\/h3>\n\t\t\t\t\t<div class='learn-more-content'>Se una riga del piano di trattamento fa riferimento ad una attivit\u00e0 che contempla la realizzazione di un manufatto protesico, sar\u00e0 possibile selezionare la singola operazione ed ottenere in automatico la \u201cstampa della prescrizione\u201d per il singolo laboratorio definendo le caratteristiche del prodotto da realizzare e la data di richiesta consegna. L\u2019emissione di una prescrizione andr\u00e0 ad alimentare uno \u201cscadenziario\u201d teso a consentire la gestione dei prodotti \/ manufatti in entrata ed uscita. Al termine della esecuzione di una attivit\u00e0 clinica \u00e8 possibile consuntivare le attivit\u00e0 svolte mediante la compilazione di \u2022 Schede cliniche specifiche ( implantologia, conservativa, endodonzia, parodonto) \u2022 Diario Clinico Se disponibile il modulo di \u201ctracciabilit\u00e0\u201d \u00e8 possibile abbinare mediante acquisizione da codice a barre informazioni relative agli strumenti e prodotti utilizzati durante la seduta di trattamento.<\/p>\n<p>E\u2019 possibile anche acquisire automaticamente informazioni relative agli impianti utilizzati codice, lotto, dimensioni, ecc. , in modo da poter poi gestire\u00a0 le attivit\u00e0 di magazzino e la compilazione del \u201cpassaporto implantare\u201d.<\/div>\n\t\t\t\t<\/div>\n<div class='et-learn-more clearfix'>\n\t\t\t\t\t<h3 class='heading-more'>DIARIO CLINICO<span class='et_learnmore_arrow'><span><\/span><\/span><\/h3>\n\t\t\t\t\t<div class='learn-more-content'>Il diario clinico \u00e8 la registrazione delle attivit\u00e0 svolte durante una specifica seduta. Nel diario clinico per specifica seduta sono abbinate le informazioni che provengolo dalle attivit\u00e0 previste ed eseguite per quella seduta, dalla compilazione delle specifiche cartelle cliniche ( implantologia, conservativa, endodonzia, parodonto), dalla aggiunta di informazioni ed annotazioni manuali, nonch\u00e9 dagli abbinamenti effettuati ai fini della tracciabilit\u00e0. Il diario clinico sar\u00e0 consultabile anche dalla sezione \u201ccronologia\u201d della scheda paziente.<\/div>\n\t\t\t\t<\/div>\n<p>[\/et_pb_text][\/et_pb_column][\/et_pb_row][\/et_pb_section]<\/p>\n","protected":false},"excerpt":{"rendered":"<p>[et_pb_section admin_label=&#8221;Section&#8221; fullwidth=&#8221;on&#8221; specialty=&#8221;off&#8221;][et_pb_fullwidth_post_title admin_label=&#8221;titolo post&#8221; title=&#8221;on&#8221; meta=&#8221;off&#8221; author=&#8221;on&#8221; date=&#8221;on&#8221; categories=&#8221;on&#8221; comments=&#8221;on&#8221; featured_image=&#8221;off&#8221; featured_placement=&#8221;below&#8221; parallax_effect=&#8221;on&#8221; parallax_method=&#8221;on&#8221; text_orientation=&#8221;center&#8221; text_color=&#8221;light&#8221; text_background=&#8221;on&#8221; text_bg_color=&#8221;#fc0a0a&#8221; module_bg_color=&#8221;#fc0a0a&#8221; title_font=&#8221;|on|||&#8221; title_all_caps=&#8221;off&#8221; meta_font_size=&#8221;14&#8243; use_border_color=&#8221;off&#8221; border_color=&#8221;#ffffff&#8221; border_style=&#8221;solid&#8221; custom_margin=&#8221;0px||0px|&#8221; custom_padding=&#8221;0px||0px|&#8221; saved_tabs=&#8221;all&#8221;] [\/et_pb_fullwidth_post_title][\/et_pb_section][et_pb_section admin_label=&#8221;section&#8221;][et_pb_row admin_label=&#8221;row&#8221;][et_pb_column type=&#8221;4_4&#8243;][et_pb_text admin_label=&#8221;Text&#8221; background_layout=&#8221;light&#8221; text_orientation=&#8221;left&#8221; text_font_size=&#8221;14&#8243; use_border_color=&#8221;off&#8221; border_color=&#8221;#ffffff&#8221; border_style=&#8221;solid&#8221;] Il piano di trattamento \u00e8 uno strumento teso alla definizione dello stato clinico della [&hellip;]<\/p>\n","protected":false},"author":1,"featured_media":0,"parent":0,"menu_order":0,"comment_status":"closed","ping_status":"closed","template":"","meta":{"footnotes":""},"_links":{"self":[{"href":"http:\/\/www.atrix3.it\/index.php\/wp-json\/wp\/v2\/pages\/921"}],"collection":[{"href":"http:\/\/www.atrix3.it\/index.php\/wp-json\/wp\/v2\/pages"}],"about":[{"href":"http:\/\/www.atrix3.it\/index.php\/wp-json\/wp\/v2\/types\/page"}],"author":[{"embeddable":true,"href":"http:\/\/www.atrix3.it\/index.php\/wp-json\/wp\/v2\/users\/1"}],"replies":[{"embeddable":true,"href":"http:\/\/www.atrix3.it\/index.php\/wp-json\/wp\/v2\/comments?post=921"}],"version-history":[{"count":1,"href":"http:\/\/www.atrix3.it\/index.php\/wp-json\/wp\/v2\/pages\/921\/revisions"}],"predecessor-version":[{"id":922,"href":"http:\/\/www.atrix3.it\/index.php\/wp-json\/wp\/v2\/pages\/921\/revisions\/922"}],"wp:attachment":[{"href":"http:\/\/www.atrix3.it\/index.php\/wp-json\/wp\/v2\/media?parent=921"}],"curies":[{"name":"wp","href":"https:\/\/api.w.org\/{rel}","templated":true}]}}